{"id":3900,"date":"2016-10-16T08:19:13","date_gmt":"2016-10-16T06:19:13","guid":{"rendered":"http:\/\/actmedia.cz\/kontakt-plzen-praha\/"},"modified":"2026-02-23T20:16:47","modified_gmt":"2026-02-23T19:16:47","slug":"contact","status":"publish","type":"page","link":"https:\/\/actmedia.cz\/en\/contact\/","title":{"rendered":"Contact"},"content":{"rendered":"\n<h3>\n\t\t\t\tLET&#8217;S WORK TOGETHER\n\t\t\t<\/h3>\n\t\t\t\t<img decoding=\"async\" src=\"https:\/\/actmedia.cz\/assets\/uploads\/sites\/352\/2016\/10\/004-construction.png\" alt=\"004-construction\" title=\"004-construction\">\n\t\t\t<h4>WHERE TO FIND US<\/h4>\t\t\t\n\t\t\t\t<p>Jablonsk\u00e9ho 2200\/62, 326 00 Plze\u0148, Praha.<br>GPS: 9\u00b057&#8217;51.58&#8243;N; 30\u00b033&#8217;26.03&#8243;W&nbsp;<\/p>\n\t\t\t\t<img decoding=\"async\" src=\"https:\/\/actmedia.cz\/assets\/uploads\/sites\/352\/2018\/05\/hipster.png\" alt=\"hipster\" title=\"hipster\">\n\t\t\t<h4>MANAGING DIRECTOR<\/h4>\t\t\t\n\t\t\t\t<p>Mgr. David J\u00e4ger<br>Daniel Silovsk\u00fd<\/p>\n\t\t\t\t<img decoding=\"async\" src=\"https:\/\/actmedia.cz\/assets\/uploads\/sites\/352\/2016\/10\/003-smartphone.png\" alt=\"003-smartphone\" title=\"003-smartphone\">\n\t\t\t<h4>PHONE<\/h4>\t\t\t\n\t\t\t\t<p>Plze\u0148 +420 722 404 004<br>Praha +420 775 557 099<\/p>\n\t\t\t\t<img decoding=\"async\" src=\"https:\/\/actmedia.cz\/assets\/uploads\/sites\/352\/2016\/10\/001-email.png\" alt=\"001-email\" title=\"001-email\">\n\t\t\t<h4>EMAIL<\/h4>\t\t\t\n\t\t\t\t<p><a href=\"mailto:jager@actmedia.cz\">jager@actmedia.cz<\/a><br><a href=\"mailto:produkce@actmedia.cz\">produkce@actmedia.cz<\/a><\/p>\n\n\n\n<p><\/p>\n","protected":false},"excerpt":{"rendered":"<p>LET&#8217;S WORK TOGETHER WHERE TO FIND US Jablonsk\u00e9ho 2200\/62, 326 00 Plze\u0148, Praha.GPS: 9\u00b057&#8217;51.58&#8243;N; 30\u00b033&#8217;26.03&#8243;W&nbsp; MANAGING DIRECTOR Mgr. David J\u00e4gerDaniel Silovsk\u00fd PHONE Plze\u0148 +420 722 404 004Praha +420 775 557 099 EMAIL jager@actmedia.czprodukce@actmedia.cz<\/p>\n","protected":false},"author":1,"featured_media":0,"parent":0,"menu_order":12,"comment_status":"closed","ping_status":"closed","template":"","meta":{"footnotes":""},"class_list":["post-3900","page","type-page","status-publish","hentry"],"yoast_head":"<title>ACT Media - Kontakt - Plze\u0148 - Praha<\/title>\n<meta name=\"description\" content=\"Poj\u010fme spolupracovat. Mgr. David J\u00e4ger +420 722 404 004 Plze\u0148 - Praha - produkce@actmedia.cz, Jablonsk\u00e9ho 2200\/62, 326 00 Plze\u0148.\" \/>\n<meta name=\"robots\" content=\"index, follow, max-snippet:-1, max-image-preview:large, max-video-preview:-1\" \/>\n<link rel=\"canonical\" href=\"https:\/\/actmedia.cz\/en\/contact\/\" \/>\n<meta property=\"og:locale\" content=\"en_US\" \/>\n<meta property=\"og:type\" content=\"article\" \/>\n<meta property=\"og:title\" content=\"ACT Media - Kontakt - Plze\u0148 - Praha\" \/>\n<meta property=\"og:description\" content=\"Poj\u010fme spolupracovat. Mgr. David J\u00e4ger +420 722 404 004 Plze\u0148 - Praha - produkce@actmedia.cz, Jablonsk\u00e9ho 2200\/62, 326 00 Plze\u0148.\" \/>\n<meta property=\"og:url\" content=\"https:\/\/actmedia.cz\/en\/contact\/\" \/>\n<meta property=\"og:site_name\" content=\"ActMedia s.r.o.\" \/>\n<meta property=\"article:modified_time\" content=\"2026-02-23T19:16:47+00:00\" \/>\n<meta property=\"og:image\" content=\"https:\/\/actmedia.cz\/assets\/uploads\/sites\/352\/2016\/10\/004-construction.png\" \/>\n<meta name=\"twitter:card\" content=\"summary_large_image\" \/>\n<meta name=\"twitter:label1\" content=\"Est. reading time\" \/>\n\t<meta name=\"twitter:data1\" content=\"2 minutes\" \/>\n<script type=\"application\/ld+json\" class=\"yoast-schema-graph\">{\"@context\":\"https:\/\/schema.org\",\"@graph\":[{\"@type\":\"WebPage\",\"@id\":\"https:\/\/actmedia.cz\/en\/contact\/\",\"url\":\"https:\/\/actmedia.cz\/en\/contact\/\",\"name\":\"ACT Media - Kontakt - Plze\u0148 - Praha\",\"isPartOf\":{\"@id\":\"https:\/\/actmedia.cz\/#website\"},\"datePublished\":\"2016-10-16T06:19:13+00:00\",\"dateModified\":\"2026-02-23T19:16:47+00:00\",\"description\":\"Poj\u010fme spolupracovat. Mgr. David J\u00e4ger +420 722 404 004 Plze\u0148 - Praha - produkce@actmedia.cz, Jablonsk\u00e9ho 2200\/62, 326 00 Plze\u0148.\",\"breadcrumb\":{\"@id\":\"https:\/\/actmedia.cz\/en\/contact\/#breadcrumb\"},\"inLanguage\":\"en-US\",\"potentialAction\":[{\"@type\":\"ReadAction\",\"target\":[\"https:\/\/actmedia.cz\/en\/contact\/\"]}]},{\"@type\":\"BreadcrumbList\",\"@id\":\"https:\/\/actmedia.cz\/en\/contact\/#breadcrumb\",\"itemListElement\":[{\"@type\":\"ListItem\",\"position\":1,\"name\":\"Dom\u016f\",\"item\":\"https:\/\/actmedia.cz\/en\/\"},{\"@type\":\"ListItem\",\"position\":2,\"name\":\"Contact\"}]},{\"@type\":\"WebSite\",\"@id\":\"https:\/\/actmedia.cz\/#website\",\"url\":\"https:\/\/actmedia.cz\/\",\"name\":\"ActMedia s.r.o.\",\"description\":\"Dal\u0161\u00ed nov\u00fd web v r\u00e1mci s\u00edt\u011b M\u016fj web online\",\"potentialAction\":[{\"@type\":\"SearchAction\",\"target\":{\"@type\":\"EntryPoint\",\"urlTemplate\":\"https:\/\/actmedia.cz\/?s={search_term_string}\"},\"query-input\":\"required name=search_term_string\"}],\"inLanguage\":\"en-US\"}]}<\/script>","yoast_head_json":{"title":"ACT Media - Kontakt - Plze\u0148 - Praha","description":"Poj\u010fme spolupracovat. Mgr. David J\u00e4ger +420 722 404 004 Plze\u0148 - Praha - produkce@actmedia.cz, Jablonsk\u00e9ho 2200\/62, 326 00 Plze\u0148.","robots":{"index":"index","follow":"follow","max-snippet":"max-snippet:-1","max-image-preview":"max-image-preview:large","max-video-preview":"max-video-preview:-1"},"canonical":"https:\/\/actmedia.cz\/en\/contact\/","og_locale":"en_US","og_type":"article","og_title":"ACT Media - Kontakt - Plze\u0148 - Praha","og_description":"Poj\u010fme spolupracovat. Mgr. David J\u00e4ger +420 722 404 004 Plze\u0148 - Praha - produkce@actmedia.cz, Jablonsk\u00e9ho 2200\/62, 326 00 Plze\u0148.","og_url":"https:\/\/actmedia.cz\/en\/contact\/","og_site_name":"ActMedia s.r.o.","article_modified_time":"2026-02-23T19:16:47+00:00","og_image":[{"url":"https:\/\/actmedia.cz\/assets\/uploads\/sites\/352\/2016\/10\/004-construction.png"}],"twitter_card":"summary_large_image","twitter_misc":{"Est. reading time":"2 minutes"},"schema":{"@context":"https:\/\/schema.org","@graph":[{"@type":"WebPage","@id":"https:\/\/actmedia.cz\/en\/contact\/","url":"https:\/\/actmedia.cz\/en\/contact\/","name":"ACT Media - Kontakt - Plze\u0148 - Praha","isPartOf":{"@id":"https:\/\/actmedia.cz\/#website"},"datePublished":"2016-10-16T06:19:13+00:00","dateModified":"2026-02-23T19:16:47+00:00","description":"Poj\u010fme spolupracovat. Mgr. David J\u00e4ger +420 722 404 004 Plze\u0148 - Praha - produkce@actmedia.cz, Jablonsk\u00e9ho 2200\/62, 326 00 Plze\u0148.","breadcrumb":{"@id":"https:\/\/actmedia.cz\/en\/contact\/#breadcrumb"},"inLanguage":"en-US","potentialAction":[{"@type":"ReadAction","target":["https:\/\/actmedia.cz\/en\/contact\/"]}]},{"@type":"BreadcrumbList","@id":"https:\/\/actmedia.cz\/en\/contact\/#breadcrumb","itemListElement":[{"@type":"ListItem","position":1,"name":"Dom\u016f","item":"https:\/\/actmedia.cz\/en\/"},{"@type":"ListItem","position":2,"name":"Contact"}]},{"@type":"WebSite","@id":"https:\/\/actmedia.cz\/#website","url":"https:\/\/actmedia.cz\/","name":"ActMedia s.r.o.","description":"Dal\u0161\u00ed nov\u00fd web v r\u00e1mci s\u00edt\u011b M\u016fj web online","potentialAction":[{"@type":"SearchAction","target":{"@type":"EntryPoint","urlTemplate":"https:\/\/actmedia.cz\/?s={search_term_string}"},"query-input":"required name=search_term_string"}],"inLanguage":"en-US"}]}},"_links":{"self":[{"href":"https:\/\/actmedia.cz\/en\/wp-json\/wp\/v2\/pages\/3900","targetHints":{"allow":["GET"]}}],"collection":[{"href":"https:\/\/actmedia.cz\/en\/wp-json\/wp\/v2\/pages"}],"about":[{"href":"https:\/\/actmedia.cz\/en\/wp-json\/wp\/v2\/types\/page"}],"author":[{"embeddable":true,"href":"https:\/\/actmedia.cz\/en\/wp-json\/wp\/v2\/users\/1"}],"replies":[{"embeddable":true,"href":"https:\/\/actmedia.cz\/en\/wp-json\/wp\/v2\/comments?post=3900"}],"version-history":[{"count":5,"href":"https:\/\/actmedia.cz\/en\/wp-json\/wp\/v2\/pages\/3900\/revisions"}],"predecessor-version":[{"id":3955,"href":"https:\/\/actmedia.cz\/en\/wp-json\/wp\/v2\/pages\/3900\/revisions\/3955"}],"wp:attachment":[{"href":"https:\/\/actmedia.cz\/en\/wp-json\/wp\/v2\/media?parent=3900"}],"curies":[{"name":"wp","href":"https:\/\/api.w.org\/{rel}","templated":true}]}}