{"id":3892,"date":"2016-10-16T08:17:48","date_gmt":"2016-10-16T06:17:48","guid":{"rendered":"http:\/\/actmedia.cz\/sluzby\/"},"modified":"2020-05-31T00:17:39","modified_gmt":"2020-05-30T22:17:39","slug":"services","status":"publish","type":"page","link":"https:\/\/actmedia.cz\/en\/services\/","title":{"rendered":"Services"},"content":{"rendered":"\n\t\t\t<h3>\n\t\t\t<\/h3>\n\t\t<p>You can see our work on TV, on billboards, or on smartphones.<\/p>\n\t<a href=\"\/projekty\" target=\"_self\" rel=\"noopener noreferrer\"><\/a>\n\t\t\t<h3><a href=\"\/projekty\/\">FILM PRODUCTION<\/a><\/h3>\t\t\t\n\t\t\t\tProduction of TV commercials, promo spots, corporate and presentational films.<br \/>\nImage postproduction. 2D and 3D animation. Design and creation of storyboards and scripts. Personal film  equipment\n\t<a href=\"\/portfolio\/marketing\/\" target=\"_self\" rel=\"noopener noreferrer\"><\/a>\n\t\t\t<h3><a href=\"\/portfolio\/marketing\/\">MARKETING AND SOCIAL NETWORKS<\/a><\/h3>\t\t\t\n\t\t\t\tComprehensive marketing strategies &#8220;from analysis to synthesis.\u201d Development of marketing plans to implementation. Strategy, creativity, innovation. Social network management. Creation of audiovisual content. Ideamaking and copywriting. Targeted advertising campaigns. Facebook, YouTube, Google AdWords, PPC Advertising.<br \/>\nRetargeting. Analytics, reporting.\n\t<a href=\"https:\/\/actmedia.cz\/zvukova-produkce\" target=\"_self\" rel=\"noopener noreferrer\"><\/a>\n\t\t\t<h3><a href=\"..\/audio-produkce\/\">AUDIOPRODUCTION<\/a><\/h3>\t\t\t\n\t\t\t\tProduction of radio advertisements, jingles, music logos, audio identifications and audiobooks.<br \/>\nSounding company films, dubbing, creating commentary on educational and presentation films. Sound production and postproduction, final mix and mastering. Adaptation of foreign-language TV spots and films.<br \/>\nActualization of different language versions &#8211; we work with native speakers and professional actors. Voice casting. Audio telephone exchange systems &#8211; IVR messages, computer games, GPS navigation systems. Filming e-learning projects, process reports for vehicles, shopping centers. We use specialized music and music databases.\n\t<a href=\"\/projekty\" target=\"_self\" rel=\"noopener noreferrer\"><\/a>\n\t\t\t<h3><a href=\"\/projekty\">GRAPHIC DESIGN<\/a><\/h3>\t\t\t\n\t\t\t\tCorporate identity. Branding, graphic design and visual communication. Banners. Catalogs, leaflets, presentation folders, corporate printed materials. Online. Stylish sites. Intuitive website editor.<br \/>\nFunctional updates and secure backup.<br \/>\nSynoptic site navigation and structure. Responsive design.\n\t<a href=\"\/projekty\" target=\"_self\" rel=\"noopener noreferrer\"><\/a>\n\t\t\t<h3><a href=\"\/projekty\">AERIAL SHOTS<\/a><\/h3>\t\t\t\n\t\t\t\tAerial filming with personal drone for movies, commercials, cities, municipalities and industry.<br \/>\nAerial photography. Authorization to carry out aerial work from the Civil Aviation Authority.<br \/>\nDrone insurance for professional purposes.\n\t<a href=\"\/projekty\" target=\"_self\" rel=\"noopener noreferrer\"><\/a>\n\t\t\t<h3><a href=\"\/projekty\">PHOTO PRODUCTION<\/a><\/h3>\t\t\t\n\t\t\t\tProduct and image photography. Advertising lifestyle photography for visuals.<br \/>\nPortrait photo. Photo shooting in studio. Interior and architectural photography. Postproduction. \n\t\t\t<h3>Are you interested?<\/h3>\t\t\t\n\t\t\t\t<p>Let&#8217;s work together!<\/p>\n\t\t\t<a href=\"https:\/\/actmedia.cz\/en\/contact\" target=\"_self\" role=\"button\" rel=\"noopener noreferrer\">\n\t\t\t\t\t\t\tCONTACT\n\t\t<\/a>\n","protected":false},"excerpt":{"rendered":"<p>You can see our work on TV, on billboards, or on smartphones. FILM PRODUCTION Production of TV commercials, promo spots, corporate and presentational films. Image postproduction. 2D and 3D animation. Design and creation of storyboards and scripts. Personal film equipment MARKETING AND SOCIAL NETWORKS Comprehensive marketing strategies &#8220;from analysis to synthesis.\u201d Development of marketing plans&hellip;<\/p>\n","protected":false},"author":1,"featured_media":0,"parent":0,"menu_order":16,"comment_status":"closed","ping_status":"closed","template":"","meta":{"footnotes":""},"class_list":["post-3892","page","type-page","status-publish","hentry"],"yoast_head":"<title>Slu\u017eby - S na\u0161\u00ed prac\u00ed se setk\u00e1te nap\u0159. v televizi, outdooru, \u010di smartphonech<\/title>\n<meta name=\"description\" content=\"Filmov\u00e1 produkce. Marketing a soci\u00e1ln\u00ed s\u00edt\u011b. Zvukov\u00e1 produkce. Grafick\u00fd design. Leteck\u00e9 z\u00e1b\u011bry. Fotoprodukce. Vlastn\u00ed filmov\u00e1 technika. Zvukov\u00e9 studio.\" \/>\n<meta name=\"robots\" content=\"index, follow, max-snippet:-1, max-image-preview:large, max-video-preview:-1\" \/>\n<link rel=\"canonical\" href=\"https:\/\/actmedia.cz\/en\/services\/\" \/>\n<meta property=\"og:locale\" content=\"en_US\" \/>\n<meta property=\"og:type\" content=\"article\" \/>\n<meta property=\"og:title\" content=\"Slu\u017eby - S na\u0161\u00ed prac\u00ed se setk\u00e1te nap\u0159. v televizi, outdooru, \u010di smartphonech\" \/>\n<meta property=\"og:description\" content=\"Filmov\u00e1 produkce. Marketing a soci\u00e1ln\u00ed s\u00edt\u011b. Zvukov\u00e1 produkce. Grafick\u00fd design. Leteck\u00e9 z\u00e1b\u011bry. Fotoprodukce. Vlastn\u00ed filmov\u00e1 technika. Zvukov\u00e9 studio.\" \/>\n<meta property=\"og:url\" content=\"https:\/\/actmedia.cz\/en\/services\/\" \/>\n<meta property=\"og:site_name\" content=\"ActMedia s.r.o.\" \/>\n<meta property=\"article:modified_time\" content=\"2020-05-30T22:17:39+00:00\" \/>\n<meta name=\"twitter:card\" content=\"summary_large_image\" \/>\n<meta name=\"twitter:label1\" content=\"Est. reading time\" \/>\n\t<meta name=\"twitter:data1\" content=\"1 minute\" \/>\n<script type=\"application\/ld+json\" class=\"yoast-schema-graph\">{\"@context\":\"https:\/\/schema.org\",\"@graph\":[{\"@type\":\"WebPage\",\"@id\":\"https:\/\/actmedia.cz\/en\/services\/\",\"url\":\"https:\/\/actmedia.cz\/en\/services\/\",\"name\":\"Slu\u017eby - S na\u0161\u00ed prac\u00ed se setk\u00e1te nap\u0159. v televizi, outdooru, \u010di smartphonech\",\"isPartOf\":{\"@id\":\"https:\/\/actmedia.cz\/#website\"},\"datePublished\":\"2016-10-16T06:17:48+00:00\",\"dateModified\":\"2020-05-30T22:17:39+00:00\",\"description\":\"Filmov\u00e1 produkce. Marketing a soci\u00e1ln\u00ed s\u00edt\u011b. Zvukov\u00e1 produkce. Grafick\u00fd design. Leteck\u00e9 z\u00e1b\u011bry. Fotoprodukce. Vlastn\u00ed filmov\u00e1 technika. Zvukov\u00e9 studio.\",\"breadcrumb\":{\"@id\":\"https:\/\/actmedia.cz\/en\/services\/#breadcrumb\"},\"inLanguage\":\"en-US\",\"potentialAction\":[{\"@type\":\"ReadAction\",\"target\":[\"https:\/\/actmedia.cz\/en\/services\/\"]}]},{\"@type\":\"BreadcrumbList\",\"@id\":\"https:\/\/actmedia.cz\/en\/services\/#breadcrumb\",\"itemListElement\":[{\"@type\":\"ListItem\",\"position\":1,\"name\":\"Dom\u016f\",\"item\":\"https:\/\/actmedia.cz\/en\/\"},{\"@type\":\"ListItem\",\"position\":2,\"name\":\"Services\"}]},{\"@type\":\"WebSite\",\"@id\":\"https:\/\/actmedia.cz\/#website\",\"url\":\"https:\/\/actmedia.cz\/\",\"name\":\"ActMedia s.r.o.\",\"description\":\"Dal\u0161\u00ed nov\u00fd web v r\u00e1mci s\u00edt\u011b M\u016fj web online\",\"potentialAction\":[{\"@type\":\"SearchAction\",\"target\":{\"@type\":\"EntryPoint\",\"urlTemplate\":\"https:\/\/actmedia.cz\/?s={search_term_string}\"},\"query-input\":\"required name=search_term_string\"}],\"inLanguage\":\"en-US\"}]}<\/script>","yoast_head_json":{"title":"Slu\u017eby - S na\u0161\u00ed prac\u00ed se setk\u00e1te nap\u0159. v televizi, outdooru, \u010di smartphonech","description":"Filmov\u00e1 produkce. Marketing a soci\u00e1ln\u00ed s\u00edt\u011b. Zvukov\u00e1 produkce. Grafick\u00fd design. Leteck\u00e9 z\u00e1b\u011bry. Fotoprodukce. Vlastn\u00ed filmov\u00e1 technika. Zvukov\u00e9 studio.","robots":{"index":"index","follow":"follow","max-snippet":"max-snippet:-1","max-image-preview":"max-image-preview:large","max-video-preview":"max-video-preview:-1"},"canonical":"https:\/\/actmedia.cz\/en\/services\/","og_locale":"en_US","og_type":"article","og_title":"Slu\u017eby - S na\u0161\u00ed prac\u00ed se setk\u00e1te nap\u0159. v televizi, outdooru, \u010di smartphonech","og_description":"Filmov\u00e1 produkce. Marketing a soci\u00e1ln\u00ed s\u00edt\u011b. Zvukov\u00e1 produkce. Grafick\u00fd design. Leteck\u00e9 z\u00e1b\u011bry. Fotoprodukce. Vlastn\u00ed filmov\u00e1 technika. Zvukov\u00e9 studio.","og_url":"https:\/\/actmedia.cz\/en\/services\/","og_site_name":"ActMedia s.r.o.","article_modified_time":"2020-05-30T22:17:39+00:00","twitter_card":"summary_large_image","twitter_misc":{"Est. reading time":"1 minute"},"schema":{"@context":"https:\/\/schema.org","@graph":[{"@type":"WebPage","@id":"https:\/\/actmedia.cz\/en\/services\/","url":"https:\/\/actmedia.cz\/en\/services\/","name":"Slu\u017eby - S na\u0161\u00ed prac\u00ed se setk\u00e1te nap\u0159. v televizi, outdooru, \u010di smartphonech","isPartOf":{"@id":"https:\/\/actmedia.cz\/#website"},"datePublished":"2016-10-16T06:17:48+00:00","dateModified":"2020-05-30T22:17:39+00:00","description":"Filmov\u00e1 produkce. Marketing a soci\u00e1ln\u00ed s\u00edt\u011b. Zvukov\u00e1 produkce. Grafick\u00fd design. Leteck\u00e9 z\u00e1b\u011bry. Fotoprodukce. Vlastn\u00ed filmov\u00e1 technika. Zvukov\u00e9 studio.","breadcrumb":{"@id":"https:\/\/actmedia.cz\/en\/services\/#breadcrumb"},"inLanguage":"en-US","potentialAction":[{"@type":"ReadAction","target":["https:\/\/actmedia.cz\/en\/services\/"]}]},{"@type":"BreadcrumbList","@id":"https:\/\/actmedia.cz\/en\/services\/#breadcrumb","itemListElement":[{"@type":"ListItem","position":1,"name":"Dom\u016f","item":"https:\/\/actmedia.cz\/en\/"},{"@type":"ListItem","position":2,"name":"Services"}]},{"@type":"WebSite","@id":"https:\/\/actmedia.cz\/#website","url":"https:\/\/actmedia.cz\/","name":"ActMedia s.r.o.","description":"Dal\u0161\u00ed nov\u00fd web v r\u00e1mci s\u00edt\u011b M\u016fj web online","potentialAction":[{"@type":"SearchAction","target":{"@type":"EntryPoint","urlTemplate":"https:\/\/actmedia.cz\/?s={search_term_string}"},"query-input":"required name=search_term_string"}],"inLanguage":"en-US"}]}},"_links":{"self":[{"href":"https:\/\/actmedia.cz\/en\/wp-json\/wp\/v2\/pages\/3892","targetHints":{"allow":["GET"]}}],"collection":[{"href":"https:\/\/actmedia.cz\/en\/wp-json\/wp\/v2\/pages"}],"about":[{"href":"https:\/\/actmedia.cz\/en\/wp-json\/wp\/v2\/types\/page"}],"author":[{"embeddable":true,"href":"https:\/\/actmedia.cz\/en\/wp-json\/wp\/v2\/users\/1"}],"replies":[{"embeddable":true,"href":"https:\/\/actmedia.cz\/en\/wp-json\/wp\/v2\/comments?post=3892"}],"version-history":[{"count":2,"href":"https:\/\/actmedia.cz\/en\/wp-json\/wp\/v2\/pages\/3892\/revisions"}],"predecessor-version":[{"id":3895,"href":"https:\/\/actmedia.cz\/en\/wp-json\/wp\/v2\/pages\/3892\/revisions\/3895"}],"wp:attachment":[{"href":"https:\/\/actmedia.cz\/en\/wp-json\/wp\/v2\/media?parent=3892"}],"curies":[{"name":"wp","href":"https:\/\/api.w.org\/{rel}","templated":true}]}}