{"id":3897,"date":"2017-08-10T12:08:39","date_gmt":"2017-08-10T10:08:39","guid":{"rendered":"http:\/\/actmedia.cz\/projekty\/"},"modified":"2020-11-01T11:25:50","modified_gmt":"2020-11-01T10:25:50","slug":"projekty","status":"publish","type":"page","link":"https:\/\/actmedia.cz\/de\/projekty\/","title":{"rendered":"Projekty"},"content":{"rendered":"\n&nbsp;\n<h3>PROJEKTY<\/h3>\nZam\u011b\u0159ujeme se na tvorbu vide\u00ed, fotografi\u00ed, marketingov\u00fdch strategi\u00ed, zvukov\u00e9 produkce, grafiky a webdesignu.\n\n<a title=\"JTEKT Automotive Czech\" href=\"https:\/\/actmedia.cz\/portfolio\/marketing\/\" target=\"_self\" rel=\"noopener noreferrer\">\n<img decoding=\"async\" src=\"https:\/\/actmedia.cz\/assets\/uploads\/sites\/352\/2017\/05\/jtekt_homepage_01.jpg\" alt=\"\">\n<\/a>\n<h3><a title=\"JTEKT Automotive Czech\" href=\"https:\/\/actmedia.cz\/portfolio\/marketing\/\">JTEKT Automotive Czech<\/a><\/h3>\nkomplexn\u00ed kampa\u0148\n\n&nbsp;\n<h3><\/h3>\nkomplexn\u00ed kampa\u0148\n<a title=\"Unibon\" href=\"https:\/\/actmedia.cz\/portfolio\/unibon\/\" target=\"_self\" rel=\"noopener noreferrer\">\n<img decoding=\"async\" src=\"https:\/\/actmedia.cz\/assets\/uploads\/sites\/352\/2018\/02\/unibon_homepage_eng_verze.jpg\" alt=\"\">\n<\/a>\n<h3><a title=\"Unibon\" href=\"https:\/\/actmedia.cz\/portfolio\/unibon\/\">Unibon<\/a><\/h3>\ns\u00e9rie promo spot\u016f\n\n&nbsp;\n<h3><\/h3>\ns\u00e9rie promo spot\u016f\n<a title=\"Doosan \u0160koda Power\" href=\"https:\/\/actmedia.cz\/portfolio\/doosan\/\" target=\"_self\" rel=\"noopener noreferrer\">\n<img decoding=\"async\" src=\"https:\/\/actmedia.cz\/assets\/uploads\/sites\/352\/2018\/02\/doosan_homepage_01-1.jpg\" alt=\"\">\n<\/a>\n<h3><a title=\"Doosan \u0160koda Power\" href=\"https:\/\/actmedia.cz\/portfolio\/doosan\/\">Doosan \u0160koda Power<\/a><\/h3>\npromo filmy\n\n&nbsp;\n<h3><\/h3>\npromo filmy\n<a title=\"PhotoRobot\" href=\"https:\/\/actmedia.cz\/portfolio\/photorobot\/\" target=\"_self\" rel=\"noopener noreferrer\">\n<img decoding=\"async\" src=\"https:\/\/actmedia.cz\/assets\/uploads\/sites\/352\/2018\/02\/virtual_catwalk_homepage_02.jpg\" alt=\"\">\n<\/a>\n<h3><a title=\"PhotoRobot\" href=\"https:\/\/actmedia.cz\/portfolio\/photorobot\/\">PhotoRobot<\/a><\/h3>\nvideospoty pro online kampa\u0148\n\n&nbsp;\n<h3><\/h3>\nvideospoty pro online kampa\u0148\n<a title=\"Fakulta zdravotnick\u00fdch studi\u00ed\" href=\"https:\/\/actmedia.cz\/portfolio\/fakulta-zdravotnickych-studii\/\" target=\"_self\" rel=\"noopener noreferrer\">\n<img decoding=\"async\" src=\"https:\/\/actmedia.cz\/assets\/uploads\/sites\/352\/2018\/02\/sestra_web.jpg\" alt=\"\">\n<\/a>\n<h3><a title=\"Fakulta zdravotnick\u00fdch studi\u00ed\" href=\"https:\/\/actmedia.cz\/portfolio\/fakulta-zdravotnickych-studii\/\">Fakulta zdravotnick\u00fdch studi\u00ed<\/a><\/h3>\nn\u00e1borov\u00e1 kampa\u0148\n\n&nbsp;\n<h3><\/h3>\nn\u00e1borov\u00e1 kampa\u0148\n<a title=\"Plze\u0148sk\u00fd kraj\" href=\"https:\/\/actmedia.cz\/portfolio\/plzensky-kraj\/\" target=\"_self\" rel=\"noopener noreferrer\">\n<img decoding=\"async\" src=\"https:\/\/actmedia.cz\/assets\/uploads\/sites\/352\/2018\/02\/plzenky_kraj_homepage_final_kratka_verze.jpg\" alt=\"\">\n<\/a>\n<h3><a title=\"Plze\u0148sk\u00fd kraj\" href=\"https:\/\/actmedia.cz\/portfolio\/plzensky-kraj\/\">Plze\u0148sk\u00fd kraj<\/a><\/h3>\npromo filmy\n\n&nbsp;\n<h3><\/h3>\npromo filmy\n<a title=\"Portr\u00e9ty zaj\u00edmav\u00fdch osobnost\u00ed\" href=\"https:\/\/actmedia.cz\/portfolio\/portrety-osobnosti-plzenskeho-kraje\/\" target=\"_self\" rel=\"noopener noreferrer\">\n<img decoding=\"async\" src=\"https:\/\/actmedia.cz\/assets\/uploads\/sites\/352\/2018\/02\/libal_yt_02.jpg\" alt=\"\">\n<\/a>\n<h3><a title=\"Portr\u00e9ty zaj\u00edmav\u00fdch osobnost\u00ed\" href=\"https:\/\/actmedia.cz\/portfolio\/portrety-osobnosti-plzenskeho-kraje\/\">Portr\u00e9ty zaj\u00edmav\u00fdch osobnost\u00ed<\/a><\/h3>\nvideospoty\n\n&nbsp;\n<h3><\/h3>\nvideospoty\n<a title=\"JTEKT Automotive Czech\" href=\"https:\/\/actmedia.cz\/portfolio\/test6\/\" target=\"_self\" rel=\"noopener noreferrer\">\n<img decoding=\"async\" src=\"https:\/\/actmedia.cz\/assets\/uploads\/sites\/352\/2017\/02\/jtekt-web_nahled_homepage.jpg\" alt=\"\">\n<\/a>\n<h3><a title=\"JTEKT Automotive Czech\" href=\"https:\/\/actmedia.cz\/portfolio\/test6\/\">JTEKT Automotive Czech<\/a><\/h3>\ntvorba web\u016f\n\n&nbsp;\n<h3><\/h3>\ntvorba web\u016f\n<a title=\"Plze\u0148 se otev\u00edr\u00e1 \/ V\u00edtejte v Plzni\" href=\"https:\/\/actmedia.cz\/portfolio\/plzen-se-otevira-2\/\" target=\"_self\" rel=\"noopener noreferrer\">\n<img decoding=\"async\" src=\"https:\/\/actmedia.cz\/assets\/uploads\/sites\/352\/2018\/02\/plzen_homepage_01-obnoveny.jpg\" alt=\"\">\n<\/a>\n<h3><a title=\"Plze\u0148 se otev\u00edr\u00e1 \/ V\u00edtejte v Plzni\" href=\"https:\/\/actmedia.cz\/portfolio\/plzen-se-otevira-2\/\">Plze\u0148 se otev\u00edr\u00e1 \/ V\u00edtejte v Plzni<\/a><\/h3>\npromo spoty a ocen\u011bn\u00ed\n\n&nbsp;\n<h3><\/h3>\npromo spoty a ocen\u011bn\u00ed\n<a title=\"Treves Group\" href=\"https:\/\/actmedia.cz\/portfolio\/treves\/\" target=\"_self\" rel=\"noopener noreferrer\">\n<img decoding=\"async\" src=\"https:\/\/actmedia.cz\/assets\/uploads\/sites\/352\/2018\/02\/treves_homepage_02.jpg\" alt=\"\">\n<\/a>\n<h3><a title=\"Treves Group\" href=\"https:\/\/actmedia.cz\/portfolio\/treves\/\">Treves Group<\/a><\/h3>\nkorpor\u00e1tn\u00ed spot\n\n&nbsp;\n<h3><\/h3>\nkorpor\u00e1tn\u00ed spot\n<a title=\"JTEKT Automotive Czech\" href=\"https:\/\/actmedia.cz\/portfolio\/naborova-kampan-ridis-si-svuj-zivot\/\" target=\"_self\" rel=\"noopener noreferrer\">\n<img decoding=\"async\" src=\"https:\/\/actmedia.cz\/assets\/uploads\/sites\/352\/2018\/02\/honza_homepage_01.jpg\" alt=\"\">\n<\/a>\n<h3><a title=\"JTEKT Automotive Czech\" href=\"https:\/\/actmedia.cz\/portfolio\/naborova-kampan-ridis-si-svuj-zivot\/\">JTEKT Automotive Czech<\/a><\/h3>\nn\u00e1borov\u00e1 kampa\u0148\n\n&nbsp;\n<h3><\/h3>\nn\u00e1borov\u00e1 kampa\u0148\n<a title=\"Plze\u0148 Turismus\" href=\"https:\/\/actmedia.cz\/portfolio\/plzen-pro-deti\/\" target=\"_self\" rel=\"noopener noreferrer\">\n<img decoding=\"async\" src=\"https:\/\/actmedia.cz\/assets\/uploads\/sites\/352\/2018\/02\/plzen_pro_deti_short_web.jpg\" alt=\"\">\n<\/a>\n<h3><a title=\"Plze\u0148 Turismus\" href=\"https:\/\/actmedia.cz\/portfolio\/plzen-pro-deti\/\">Plze\u0148 Turismus<\/a><\/h3>\npromo spoty a ocen\u011bn\u00ed\n\n&nbsp;\n<h3><\/h3>\npromo spoty a ocen\u011bn\u00ed\n<a title=\"Audioprodukce\" href=\"https:\/\/actmedia.cz\/portfolio\/audioprodukce\/\" target=\"_self\" rel=\"noopener noreferrer\">\n<img decoding=\"async\" src=\"https:\/\/actmedia.cz\/assets\/uploads\/sites\/352\/2018\/02\/audio_homepage_01.jpg\" alt=\"\">\n<\/a>\n<h3><a title=\"Audioprodukce\" href=\"https:\/\/actmedia.cz\/portfolio\/audioprodukce\/\">Audioprodukce<\/a><\/h3>\nr\u00e1diov\u00e9 reklamy a zvukov\u00e1 loga\n\n&nbsp;\n<h3><\/h3>\nr\u00e1diov\u00e9 reklamy a zvukov\u00e1 loga\n<a title=\"OMEXOM GA Energo\" href=\"https:\/\/actmedia.cz\/portfolio\/omexom-fotoprodukce\/\" target=\"_self\" rel=\"noopener noreferrer\">\n<img decoding=\"async\" src=\"https:\/\/actmedia.cz\/assets\/uploads\/sites\/352\/2018\/02\/omexom_homepage_01.jpg\" alt=\"\">\n<\/a>\n<h3><a title=\"OMEXOM GA Energo\" href=\"https:\/\/actmedia.cz\/portfolio\/omexom-fotoprodukce\/\">OMEXOM GA Energo<\/a><\/h3>\nfotoprodukce\n\n&nbsp;\n<h3><\/h3>\nfotoprodukce\n<a title=\"Z\u00e1pado\u010desk\u00e1 univerzita\" href=\"https:\/\/actmedia.cz\/portfolio\/zapadoceska-univerzita\/\" target=\"_self\" rel=\"noopener noreferrer\">\n<img decoding=\"async\" src=\"https:\/\/actmedia.cz\/assets\/uploads\/sites\/352\/2018\/02\/rice_zcu_homepage_03.jpg\" alt=\"\">\n<\/a>\n<h3><a title=\"Z\u00e1pado\u010desk\u00e1 univerzita\" href=\"https:\/\/actmedia.cz\/portfolio\/zapadoceska-univerzita\/\">Z\u00e1pado\u010desk\u00e1 univerzita<\/a><\/h3>\npromo spoty\n\n&nbsp;\n<h3><\/h3>\npromo spoty\n<a title=\"Briliantina\" href=\"https:\/\/actmedia.cz\/portfolio\/briliantina-2\/\" target=\"_self\" rel=\"noopener noreferrer\">\n<img decoding=\"async\" src=\"https:\/\/actmedia.cz\/assets\/uploads\/sites\/352\/2018\/02\/briliantina_homepage_01.jpg\" alt=\"\">\n<\/a>\n<h3><a title=\"Briliantina\" href=\"https:\/\/actmedia.cz\/portfolio\/briliantina-2\/\">Briliantina<\/a><\/h3>\ntelevizn\u00ed reklamy\n\n&nbsp;\n<h3><\/h3>\ntelevizn\u00ed reklamy\n<a title=\"M\u011bsto Star\u00fd Plzenec\" href=\"https:\/\/actmedia.cz\/portfolio\/stary-plzenec-2\/\" target=\"_self\" rel=\"noopener noreferrer\">\n<img decoding=\"async\" src=\"https:\/\/actmedia.cz\/assets\/uploads\/sites\/352\/2018\/02\/stary_plzenec_homepage_02.jpg\" alt=\"\">\n<\/a>\n<h3><a title=\"M\u011bsto Star\u00fd Plzenec\" href=\"https:\/\/actmedia.cz\/portfolio\/stary-plzenec-2\/\">M\u011bsto Star\u00fd Plzenec<\/a><\/h3>\ns\u00e9rie promo film\u016f\n\n&nbsp;\n<h3><\/h3>\ns\u00e9rie promo film\u016f\n<a title=\"Trelleborg\" href=\"https:\/\/actmedia.cz\/portfolio\/trelleborg-3\/\" target=\"_self\" rel=\"noopener noreferrer\">\n<img decoding=\"async\" src=\"https:\/\/actmedia.cz\/assets\/uploads\/sites\/352\/2018\/02\/trelleborg_homepage_01.jpg\" alt=\"\">\n<\/a>\n<h3><a title=\"Trelleborg\" href=\"https:\/\/actmedia.cz\/portfolio\/trelleborg-3\/\">Trelleborg<\/a><\/h3>\nvizu\u00e1ly a fotoprodukce\n\n&nbsp;\n<h3><\/h3>\nvizu\u00e1ly a fotoprodukce\n<a title=\"Showreel\" href=\"https:\/\/actmedia.cz\/portfolio\/act-media-showreel-3\/\" target=\"_self\" rel=\"noopener noreferrer\">\n<img decoding=\"async\" src=\"https:\/\/actmedia.cz\/assets\/uploads\/sites\/352\/2018\/02\/showree_nahled_homepage.jpg\" alt=\"\">\n<\/a>\n<h3><a title=\"Showreel\" href=\"https:\/\/actmedia.cz\/portfolio\/act-media-showreel-3\/\">Showreel<\/a><\/h3>\nACT Media\n\n&nbsp;\n<h3><\/h3>\nACT Media\n<a title=\"Hlasov\u00fd casting\" href=\"https:\/\/actmedia.cz\/portfolio\/audioprodukce-zvukova-loga\/\" target=\"_self\" rel=\"noopener noreferrer\">\n<img decoding=\"async\" src=\"https:\/\/actmedia.cz\/assets\/uploads\/sites\/352\/2018\/02\/new-makin-of-00_00_15_06-still0023-1.jpg\" alt=\"\">\n<\/a>\n<h3><a title=\"Hlasov\u00fd casting\" href=\"https:\/\/actmedia.cz\/portfolio\/audioprodukce-zvukova-loga\/\">Hlasov\u00fd casting<\/a><\/h3>\nCZ \/ SK \/ DE \/ ENG \/ RU\n\n&nbsp;\n<h3><\/h3>\nCZ \/ SK \/ DE \/ ENG \/ RU\n<a title=\"Tvorba webov\u00fdch str\u00e1nek\" href=\"https:\/\/actmedia.cz\/portfolio\/webove-stranky\/\" target=\"_self\" rel=\"noopener noreferrer\">\n<img decoding=\"async\" src=\"https:\/\/actmedia.cz\/assets\/uploads\/sites\/352\/2018\/02\/web_nahled_homepage.jpg\" alt=\"\">\n<\/a>\n<h3><a title=\"Tvorba webov\u00fdch str\u00e1nek\" href=\"https:\/\/actmedia.cz\/portfolio\/webove-stranky\/\">Tvorba webov\u00fdch str\u00e1nek<\/a><\/h3>\n&#8230;\n\n&nbsp;\n<h3><\/h3>\n&#8230;\n<a title=\"Bandi\" href=\"https:\/\/actmedia.cz\/portfolio\/bandi\/\" target=\"_self\" rel=\"noopener noreferrer\">\n<img decoding=\"async\" src=\"https:\/\/actmedia.cz\/assets\/uploads\/sites\/352\/2018\/02\/bandi_homepage_01.jpg\" alt=\"\">\n<\/a>\n<h3><a title=\"Bandi\" href=\"https:\/\/actmedia.cz\/portfolio\/bandi\/\">Bandi<\/a><\/h3>\ntelevizn\u00ed reklama\n\n&nbsp;\n<h3><\/h3>\ntelevizn\u00ed reklama\n<a title=\"UNIBON\" href=\"https:\/\/actmedia.cz\/portfolio\/unibon-fotoprodukce\/\" target=\"_self\" rel=\"noopener noreferrer\">\n<img decoding=\"async\" src=\"https:\/\/actmedia.cz\/assets\/uploads\/sites\/352\/2018\/02\/unibon_homepage_ceska_verze.jpg\" alt=\"\">\n<\/a>\n<h3><a title=\"UNIBON\" href=\"https:\/\/actmedia.cz\/portfolio\/unibon-fotoprodukce\/\">UNIBON<\/a><\/h3>\nfotoprodukce\n\n&nbsp;\n<h3><\/h3>\nfotoprodukce\n<a title=\"Bechtoplast\" href=\"https:\/\/actmedia.cz\/portfolio\/bechtoplast-fotoprodukce\/\" target=\"_self\" rel=\"noopener noreferrer\">\n<img decoding=\"async\" src=\"https:\/\/actmedia.cz\/assets\/uploads\/sites\/352\/2018\/02\/bechtoplast_homepage_01-obnoveny.jpg\" alt=\"\">\n<\/a>\n<h3><a title=\"Bechtoplast\" href=\"https:\/\/actmedia.cz\/portfolio\/bechtoplast-fotoprodukce\/\">Bechtoplast<\/a><\/h3>\nfotoprodukce\n\n&nbsp;\n<h3><\/h3>\nfotoprodukce\n<a title=\"Doosan \u0160koda Power\" href=\"https:\/\/actmedia.cz\/portfolio\/doosan-fotoprodukce\/\" target=\"_self\" rel=\"noopener noreferrer\">\n<img decoding=\"async\" src=\"https:\/\/actmedia.cz\/assets\/uploads\/sites\/352\/2018\/02\/doosan_home_page.jpg\" alt=\"\">\n<\/a>\n<h3><a title=\"Doosan \u0160koda Power\" href=\"https:\/\/actmedia.cz\/portfolio\/doosan-fotoprodukce\/\">Doosan \u0160koda Power<\/a><\/h3>\nfotoprodukce a leteck\u00e9 fotografie\n\n&nbsp;\n<h3><\/h3>\nfotoprodukce a leteck\u00e9 fotografie\n<a title=\"Supellex\" href=\"https:\/\/actmedia.cz\/portfolio\/supellex\/\" target=\"_self\" rel=\"noopener noreferrer\">\n<img decoding=\"async\" src=\"https:\/\/actmedia.cz\/assets\/uploads\/sites\/352\/2018\/02\/supelex_homepage_01-obnoveny.jpg\" alt=\"\">\n<\/a>\n<h3><a title=\"Supellex\" href=\"https:\/\/actmedia.cz\/portfolio\/supellex\/\">Supellex<\/a><\/h3>\nkorpor\u00e1tn\u00ed spot a fotoprodukce\n\n&nbsp;\n<h3><\/h3>\nkorpor\u00e1tn\u00ed spot a fotoprodukce\n<a title=\"Inel\" href=\"https:\/\/actmedia.cz\/portfolio\/inel\/\" target=\"_self\" rel=\"noopener noreferrer\">\n<img decoding=\"async\" src=\"https:\/\/actmedia.cz\/assets\/uploads\/sites\/352\/2018\/02\/inel_homepage_01.jpg\" alt=\"\">\n<\/a>\n<h3><a title=\"Inel\" href=\"https:\/\/actmedia.cz\/portfolio\/inel\/\">Inel<\/a><\/h3>\nfotoprodukce\n\n&nbsp;\n<h3><\/h3>\nfotoprodukce\n<a title=\"Audioprodukce\" href=\"https:\/\/actmedia.cz\/portfolio\/audioprodukce-ze-zakulisi\/\" target=\"_self\" rel=\"noopener noreferrer\">\n<img decoding=\"async\" src=\"https:\/\/actmedia.cz\/assets\/uploads\/sites\/352\/2018\/02\/new-makin-of-00_00_15_06-still002-2.jpg\" alt=\"\">\n<\/a>\n<h3><a title=\"Audioprodukce\" href=\"https:\/\/actmedia.cz\/portfolio\/audioprodukce-ze-zakulisi\/\">Audioprodukce<\/a><\/h3>\nze z\u00e1kulis\u00ed nahr\u00e1v\u00e1n\u00ed\n\n&nbsp;\n<h3><\/h3>\nze z\u00e1kulis\u00ed nahr\u00e1v\u00e1n\u00ed\n<h3>Zaujali jsme V\u00e1s?<\/h3>\nPoj\u010fme spolupracovat!\n\n<a role=\"button\" href=\"https:\/\/actmedia.cz\/kontakt\/\" target=\"_self\" rel=\"noopener noreferrer\">\nKONTAKT\n<\/a>\n","protected":false},"excerpt":{"rendered":"<p>&nbsp; PROJEKTY Zam\u011b\u0159ujeme se na tvorbu vide\u00ed, fotografi\u00ed, marketingov\u00fdch strategi\u00ed, zvukov\u00e9 produkce, grafiky a webdesignu. JTEKT Automotive Czech komplexn\u00ed kampa\u0148 &nbsp; komplexn\u00ed kampa\u0148 Unibon s\u00e9rie promo spot\u016f &nbsp; s\u00e9rie promo spot\u016f Doosan \u0160koda Power promo filmy &nbsp; promo filmy PhotoRobot videospoty pro online kampa\u0148 &nbsp; videospoty pro online kampa\u0148 Fakulta zdravotnick\u00fdch studi\u00ed n\u00e1borov\u00e1 kampa\u0148 &nbsp;&hellip;<\/p>\n","protected":false},"author":1,"featured_media":0,"parent":0,"menu_order":7,"comment_status":"closed","ping_status":"closed","template":"","meta":{"footnotes":""},"class_list":["post-3897","page","type-page","status-publish","hentry"],"yoast_head":"<title>Tvo\u0159\u00edme p\u0159\u00edb\u011bhy a r\u00e1di v\u00e1s nadchneme.<\/title>\n<meta name=\"description\" content=\"Zam\u011b\u0159ujeme se na tvorbu vide\u00ed, fotografi\u00ed, marketingov\u00fdch strategi\u00ed, zvukov\u00e9 produkce, grafiky a webdesignu. Mrkn\u011bte se na na\u0161e projekty.\" \/>\n<meta name=\"robots\" content=\"index, follow, max-snippet:-1, max-image-preview:large, max-video-preview:-1\" \/>\n<link rel=\"canonical\" href=\"https:\/\/actmedia.cz\/de\/projekty\/\" \/>\n<meta property=\"og:locale\" content=\"de_DE\" \/>\n<meta property=\"og:type\" content=\"article\" \/>\n<meta property=\"og:title\" content=\"Tvo\u0159\u00edme p\u0159\u00edb\u011bhy a r\u00e1di v\u00e1s nadchneme.\" \/>\n<meta property=\"og:description\" content=\"Zam\u011b\u0159ujeme se na tvorbu vide\u00ed, fotografi\u00ed, marketingov\u00fdch strategi\u00ed, zvukov\u00e9 produkce, grafiky a webdesignu. Mrkn\u011bte se na na\u0161e projekty.\" \/>\n<meta property=\"og:url\" content=\"https:\/\/actmedia.cz\/de\/projekty\/\" \/>\n<meta property=\"og:site_name\" content=\"ActMedia s.r.o.\" \/>\n<meta property=\"article:modified_time\" content=\"2020-11-01T10:25:50+00:00\" \/>\n<meta property=\"og:image\" content=\"https:\/\/actmedia.cz\/assets\/uploads\/sites\/352\/2017\/05\/jtekt_homepage_01.jpg\" \/>\n<meta name=\"twitter:card\" content=\"summary_large_image\" \/>\n<meta name=\"twitter:label1\" content=\"Gesch\u00e4tzte Lesezeit\" \/>\n\t<meta name=\"twitter:data1\" content=\"1\u00a0Minute\" \/>\n<script type=\"application\/ld+json\" class=\"yoast-schema-graph\">{\"@context\":\"https:\/\/schema.org\",\"@graph\":[{\"@type\":\"WebPage\",\"@id\":\"https:\/\/actmedia.cz\/de\/projekty\/\",\"url\":\"https:\/\/actmedia.cz\/de\/projekty\/\",\"name\":\"Tvo\u0159\u00edme p\u0159\u00edb\u011bhy a r\u00e1di v\u00e1s nadchneme.\",\"isPartOf\":{\"@id\":\"https:\/\/actmedia.cz\/#website\"},\"datePublished\":\"2017-08-10T10:08:39+00:00\",\"dateModified\":\"2020-11-01T10:25:50+00:00\",\"description\":\"Zam\u011b\u0159ujeme se na tvorbu vide\u00ed, fotografi\u00ed, marketingov\u00fdch strategi\u00ed, zvukov\u00e9 produkce, grafiky a webdesignu. Mrkn\u011bte se na na\u0161e projekty.\",\"breadcrumb\":{\"@id\":\"https:\/\/actmedia.cz\/de\/projekty\/#breadcrumb\"},\"inLanguage\":\"de\",\"potentialAction\":[{\"@type\":\"ReadAction\",\"target\":[\"https:\/\/actmedia.cz\/de\/projekty\/\"]}]},{\"@type\":\"BreadcrumbList\",\"@id\":\"https:\/\/actmedia.cz\/de\/projekty\/#breadcrumb\",\"itemListElement\":[{\"@type\":\"ListItem\",\"position\":1,\"name\":\"Dom\u016f\",\"item\":\"https:\/\/actmedia.cz\/de\/\"},{\"@type\":\"ListItem\",\"position\":2,\"name\":\"Projekty\"}]},{\"@type\":\"WebSite\",\"@id\":\"https:\/\/actmedia.cz\/#website\",\"url\":\"https:\/\/actmedia.cz\/\",\"name\":\"ActMedia s.r.o.\",\"description\":\"Dal\u0161\u00ed nov\u00fd web v r\u00e1mci s\u00edt\u011b M\u016fj web online\",\"potentialAction\":[{\"@type\":\"SearchAction\",\"target\":{\"@type\":\"EntryPoint\",\"urlTemplate\":\"https:\/\/actmedia.cz\/?s={search_term_string}\"},\"query-input\":\"required name=search_term_string\"}],\"inLanguage\":\"de\"}]}<\/script>","yoast_head_json":{"title":"Tvo\u0159\u00edme p\u0159\u00edb\u011bhy a r\u00e1di v\u00e1s nadchneme.","description":"Zam\u011b\u0159ujeme se na tvorbu vide\u00ed, fotografi\u00ed, marketingov\u00fdch strategi\u00ed, zvukov\u00e9 produkce, grafiky a webdesignu. Mrkn\u011bte se na na\u0161e projekty.","robots":{"index":"index","follow":"follow","max-snippet":"max-snippet:-1","max-image-preview":"max-image-preview:large","max-video-preview":"max-video-preview:-1"},"canonical":"https:\/\/actmedia.cz\/de\/projekty\/","og_locale":"de_DE","og_type":"article","og_title":"Tvo\u0159\u00edme p\u0159\u00edb\u011bhy a r\u00e1di v\u00e1s nadchneme.","og_description":"Zam\u011b\u0159ujeme se na tvorbu vide\u00ed, fotografi\u00ed, marketingov\u00fdch strategi\u00ed, zvukov\u00e9 produkce, grafiky a webdesignu. Mrkn\u011bte se na na\u0161e projekty.","og_url":"https:\/\/actmedia.cz\/de\/projekty\/","og_site_name":"ActMedia s.r.o.","article_modified_time":"2020-11-01T10:25:50+00:00","og_image":[{"url":"https:\/\/actmedia.cz\/assets\/uploads\/sites\/352\/2017\/05\/jtekt_homepage_01.jpg"}],"twitter_card":"summary_large_image","twitter_misc":{"Gesch\u00e4tzte Lesezeit":"1\u00a0Minute"},"schema":{"@context":"https:\/\/schema.org","@graph":[{"@type":"WebPage","@id":"https:\/\/actmedia.cz\/de\/projekty\/","url":"https:\/\/actmedia.cz\/de\/projekty\/","name":"Tvo\u0159\u00edme p\u0159\u00edb\u011bhy a r\u00e1di v\u00e1s nadchneme.","isPartOf":{"@id":"https:\/\/actmedia.cz\/#website"},"datePublished":"2017-08-10T10:08:39+00:00","dateModified":"2020-11-01T10:25:50+00:00","description":"Zam\u011b\u0159ujeme se na tvorbu vide\u00ed, fotografi\u00ed, marketingov\u00fdch strategi\u00ed, zvukov\u00e9 produkce, grafiky a webdesignu. Mrkn\u011bte se na na\u0161e projekty.","breadcrumb":{"@id":"https:\/\/actmedia.cz\/de\/projekty\/#breadcrumb"},"inLanguage":"de","potentialAction":[{"@type":"ReadAction","target":["https:\/\/actmedia.cz\/de\/projekty\/"]}]},{"@type":"BreadcrumbList","@id":"https:\/\/actmedia.cz\/de\/projekty\/#breadcrumb","itemListElement":[{"@type":"ListItem","position":1,"name":"Dom\u016f","item":"https:\/\/actmedia.cz\/de\/"},{"@type":"ListItem","position":2,"name":"Projekty"}]},{"@type":"WebSite","@id":"https:\/\/actmedia.cz\/#website","url":"https:\/\/actmedia.cz\/","name":"ActMedia s.r.o.","description":"Dal\u0161\u00ed nov\u00fd web v r\u00e1mci s\u00edt\u011b M\u016fj web online","potentialAction":[{"@type":"SearchAction","target":{"@type":"EntryPoint","urlTemplate":"https:\/\/actmedia.cz\/?s={search_term_string}"},"query-input":"required name=search_term_string"}],"inLanguage":"de"}]}},"_links":{"self":[{"href":"https:\/\/actmedia.cz\/de\/wp-json\/wp\/v2\/pages\/3897","targetHints":{"allow":["GET"]}}],"collection":[{"href":"https:\/\/actmedia.cz\/de\/wp-json\/wp\/v2\/pages"}],"about":[{"href":"https:\/\/actmedia.cz\/de\/wp-json\/wp\/v2\/types\/page"}],"author":[{"embeddable":true,"href":"https:\/\/actmedia.cz\/de\/wp-json\/wp\/v2\/users\/1"}],"replies":[{"embeddable":true,"href":"https:\/\/actmedia.cz\/de\/wp-json\/wp\/v2\/comments?post=3897"}],"version-history":[{"count":1,"href":"https:\/\/actmedia.cz\/de\/wp-json\/wp\/v2\/pages\/3897\/revisions"}],"predecessor-version":[{"id":3911,"href":"https:\/\/actmedia.cz\/de\/wp-json\/wp\/v2\/pages\/3897\/revisions\/3911"}],"wp:attachment":[{"href":"https:\/\/actmedia.cz\/de\/wp-json\/wp\/v2\/media?parent=3897"}],"curies":[{"name":"wp","href":"https:\/\/api.w.org\/{rel}","templated":true}]}}