{"id":3893,"date":"2016-10-16T08:17:48","date_gmt":"2016-10-16T06:17:48","guid":{"rendered":"http:\/\/actmedia.cz\/sluzby\/"},"modified":"2016-10-16T08:17:48","modified_gmt":"2016-10-16T06:17:48","slug":"sluzby","status":"publish","type":"page","link":"https:\/\/actmedia.cz\/de\/sluzby\/","title":{"rendered":"Slu\u017eby"},"content":{"rendered":"\n\t<h3>\n\t\t\t<\/h3>\n\t\t<p>S na\u0161\u00ed prac\u00ed se m\u016f\u017eete setkat nap\u0159\u00edklad v televizi, na billboardech nebo na iPadu.<\/p>\t\n\t<a href=\"\/?page_id=1146\" target=\"_self\" rel=\"noopener noreferrer\"><\/a>\n\t\t\t<h3><a href=\"\/?page_id=1146\">FILMOV\u00c1 PRODUKCE<\/a><\/h3>\t\t\t\n\t\t\t\t<p>V\u00fdroba TV reklam, promo spot\u016f, firemn\u00edch a prezenta\u010dn\u00edch film\u016f. <br \/>Obrazov\u00e1 postprodukce. 2D a 3D animace. N\u00e1vrhy a tvorba storyboard\u016f a sc\u00e9n\u00e1\u0159\u016f. Vlastn\u00ed filmov\u00e1 technika.<\/p>\n\t<a href=\"\/?page_id=455\" target=\"_self\" rel=\"noopener noreferrer\"><\/a>\n\t\t\t<h3><a href=\"\/?page_id=455\">MARKETING A SOCI\u00c1LN\u00cd S\u00cdT\u011a<\/a><\/h3>\t\t\t\n\t\t\t\t<p>Komplexn\u00ed marketingov\u00e9 strategie &#8220;od anal\u00fdzy k synt\u00e9ze.&#8221; Od vypracov\u00e1n\u00ed marketingov\u00fdch pl\u00e1n\u016f po realizaci. Strategie, kreativita, inovace. Spr\u00e1va soci\u00e1ln\u00edch s\u00edt\u00ed. Tvorba audiovizu\u00e1ln\u00edho obsahu. Ideamaking a copywriting. C\u00edlen\u00e9 reklamn\u00ed kampan\u011b.\u00a0Facebook, You Tube, Google AdWords,\u00a0\u00a0PPC reklama.<br \/>Retargeting. Analytika, reporting.<\/p>\n\t<a href=\"https:\/\/actmedia.cz\/zvukova-produkce\" target=\"_self\" rel=\"noopener noreferrer\"><\/a>\n\t\t\t<h3><a href=\"..\/audio-produkce\/\">ZVUKOV\u00c1 PRODUKCE<\/a><\/h3>\t\t\t\n\t\t\t\t<p>V\u00fdroba r\u00e1diov\u00fdch reklam, hudebn\u00edch log, zvukov\u00fdch identifikac\u00ed a audioknih.<br \/>Ozvu\u010den\u00ed firemn\u00edch film\u016f. Dabing. Nahr\u00e1v\u00e1n\u00ed koment\u00e1\u0159\u016f k v\u00fdukov\u00fdm a prezenta\u010dn\u00edm film\u016fm. Adaptace cizojazy\u010dn\u00fdch spot\u016f. Zvukov\u00e9 studio.<\/p>\n\t<a href=\"\/?page_id=1146\" target=\"_self\" rel=\"noopener noreferrer\"><\/a>\n\t\t\t<h3><a href=\"\/?page_id=1146\">GRAFICK\u00dd DESIGN<\/a><\/h3>\t\t\t\n\t\t\t\t<p>Corporate Identity. Branding, grafick\u00fd design a vizu\u00e1ln\u00ed komunikace. Bannery. Katalogy, let\u00e1ky, prezenta\u010dn\u00ed desky, firemn\u00ed tiskoviny. Online. Stylov\u00e9 weby. Intuitivn\u00ed editor webov\u00fdch str\u00e1nek. Funk\u010dn\u00ed aktualizace a bezpe\u010dn\u00e9 z\u00e1lohov\u00e1n\u00ed.<br \/>P\u0159ehledn\u00e1 navigace a struktura webu. Responzivn\u00ed design.<\/p>\n\t<a href=\"\/?page_id=1146\" target=\"_self\" rel=\"noopener noreferrer\"><\/a>\n\t\t\t<h3><a href=\"..\/projekty\">LETECK\u00c9 Z\u00c1B\u011aRY<\/a><\/h3>\t\t\t\n\t\t\t\t<p>Leteck\u00e9 nat\u00e1\u010den\u00ed vlastn\u00edm dronem\u00a0 pro filmy, reklamy, m\u011bsta, obce a pr\u016fmysl.<br \/>Leteck\u00e9 fotografie. Povolen\u00ed k provozov\u00e1n\u00ed leteck\u00fdch prac\u00ed od \u00da\u0159adu pro civiln\u00ed letectv\u00ed. Poji\u0161t\u011bn\u00ed dronu pro profesion\u00e1ln\u00ed \u00fa\u010dely.<\/p>\n\t<a href=\"\/?page_id=1146\" target=\"_self\" rel=\"noopener noreferrer\"><\/a>\n\t\t\t<h3><a href=\"\/?page_id=1146\">FOTO PRODUKCE<\/a><\/h3>\t\t\t\n\t\t\t\t<p>Produktov\u00e9 a image fotografie. Reklamn\u00ed lifestyle fotografie pro vizu\u00e1ly.<br \/>Portr\u00e9tn\u00ed fotografie. Focen\u00ed v ateli\u00e9ru. Fotografie interi\u00e9r\u016f a architektury. Postprodukce.<\/p>\n\t\t\t<h3>Zaujali jsme V\u00e1s?<\/h3>\t\t\t\n\t\t\t\t<p>Poj\u010fme spolupracovat!<\/p>\n\t\t\t<a href=\"https:\/\/actmedia.cz\/kontakt\/\" target=\"_self\" role=\"button\" rel=\"noopener noreferrer\">\n\t\t\t\t\t\t\tKONTAKT\n\t\t<\/a>\n","protected":false},"excerpt":{"rendered":"<p>S na\u0161\u00ed prac\u00ed se m\u016f\u017eete setkat nap\u0159\u00edklad v televizi, na billboardech nebo na iPadu. FILMOV\u00c1 PRODUKCE V\u00fdroba TV reklam, promo spot\u016f, firemn\u00edch a prezenta\u010dn\u00edch film\u016f. Obrazov\u00e1 postprodukce. 2D a 3D animace. N\u00e1vrhy a tvorba storyboard\u016f a sc\u00e9n\u00e1\u0159\u016f. Vlastn\u00ed filmov\u00e1 technika. MARKETING A SOCI\u00c1LN\u00cd S\u00cdT\u011a Komplexn\u00ed marketingov\u00e9 strategie &#8220;od anal\u00fdzy k synt\u00e9ze.&#8221; Od vypracov\u00e1n\u00ed marketingov\u00fdch pl\u00e1n\u016f&hellip;<\/p>\n","protected":false},"author":1,"featured_media":0,"parent":0,"menu_order":16,"comment_status":"closed","ping_status":"closed","template":"","meta":{"footnotes":""},"class_list":["post-3893","page","type-page","status-publish","hentry"],"yoast_head":"<title>Slu\u017eby - S na\u0161\u00ed prac\u00ed se setk\u00e1te nap\u0159. v televizi, outdooru, \u010di smartphonech<\/title>\n<meta name=\"description\" content=\"Filmov\u00e1 produkce. Marketing a soci\u00e1ln\u00ed s\u00edt\u011b. Zvukov\u00e1 produkce. Grafick\u00fd design. Leteck\u00e9 z\u00e1b\u011bry. Fotoprodukce. Vlastn\u00ed filmov\u00e1 technika. Zvukov\u00e9 studio.\" \/>\n<meta name=\"robots\" content=\"index, follow, max-snippet:-1, max-image-preview:large, max-video-preview:-1\" \/>\n<link rel=\"canonical\" href=\"https:\/\/actmedia.cz\/de\/sluzby\/\" \/>\n<meta property=\"og:locale\" content=\"de_DE\" \/>\n<meta property=\"og:type\" content=\"article\" \/>\n<meta property=\"og:title\" content=\"Slu\u017eby - S na\u0161\u00ed prac\u00ed se setk\u00e1te nap\u0159. v televizi, outdooru, \u010di smartphonech\" \/>\n<meta property=\"og:description\" content=\"Filmov\u00e1 produkce. Marketing a soci\u00e1ln\u00ed s\u00edt\u011b. Zvukov\u00e1 produkce. Grafick\u00fd design. Leteck\u00e9 z\u00e1b\u011bry. Fotoprodukce. Vlastn\u00ed filmov\u00e1 technika. Zvukov\u00e9 studio.\" \/>\n<meta property=\"og:url\" content=\"https:\/\/actmedia.cz\/de\/sluzby\/\" \/>\n<meta property=\"og:site_name\" content=\"ActMedia s.r.o.\" \/>\n<meta name=\"twitter:card\" content=\"summary_large_image\" \/>\n<meta name=\"twitter:label1\" content=\"Gesch\u00e4tzte Lesezeit\" \/>\n\t<meta name=\"twitter:data1\" content=\"1\u00a0Minute\" \/>\n<script type=\"application\/ld+json\" class=\"yoast-schema-graph\">{\"@context\":\"https:\/\/schema.org\",\"@graph\":[{\"@type\":\"WebPage\",\"@id\":\"https:\/\/actmedia.cz\/de\/sluzby\/\",\"url\":\"https:\/\/actmedia.cz\/de\/sluzby\/\",\"name\":\"Slu\u017eby - S na\u0161\u00ed prac\u00ed se setk\u00e1te nap\u0159. v televizi, outdooru, \u010di smartphonech\",\"isPartOf\":{\"@id\":\"https:\/\/actmedia.cz\/#website\"},\"datePublished\":\"2016-10-16T06:17:48+00:00\",\"dateModified\":\"2016-10-16T06:17:48+00:00\",\"description\":\"Filmov\u00e1 produkce. Marketing a soci\u00e1ln\u00ed s\u00edt\u011b. Zvukov\u00e1 produkce. Grafick\u00fd design. Leteck\u00e9 z\u00e1b\u011bry. Fotoprodukce. Vlastn\u00ed filmov\u00e1 technika. Zvukov\u00e9 studio.\",\"breadcrumb\":{\"@id\":\"https:\/\/actmedia.cz\/de\/sluzby\/#breadcrumb\"},\"inLanguage\":\"de\",\"potentialAction\":[{\"@type\":\"ReadAction\",\"target\":[\"https:\/\/actmedia.cz\/de\/sluzby\/\"]}]},{\"@type\":\"BreadcrumbList\",\"@id\":\"https:\/\/actmedia.cz\/de\/sluzby\/#breadcrumb\",\"itemListElement\":[{\"@type\":\"ListItem\",\"position\":1,\"name\":\"Dom\u016f\",\"item\":\"https:\/\/actmedia.cz\/de\/\"},{\"@type\":\"ListItem\",\"position\":2,\"name\":\"Slu\u017eby\"}]},{\"@type\":\"WebSite\",\"@id\":\"https:\/\/actmedia.cz\/#website\",\"url\":\"https:\/\/actmedia.cz\/\",\"name\":\"ActMedia s.r.o.\",\"description\":\"Dal\u0161\u00ed nov\u00fd web v r\u00e1mci s\u00edt\u011b M\u016fj web online\",\"potentialAction\":[{\"@type\":\"SearchAction\",\"target\":{\"@type\":\"EntryPoint\",\"urlTemplate\":\"https:\/\/actmedia.cz\/?s={search_term_string}\"},\"query-input\":\"required name=search_term_string\"}],\"inLanguage\":\"de\"}]}<\/script>","yoast_head_json":{"title":"Slu\u017eby - S na\u0161\u00ed prac\u00ed se setk\u00e1te nap\u0159. v televizi, outdooru, \u010di smartphonech","description":"Filmov\u00e1 produkce. Marketing a soci\u00e1ln\u00ed s\u00edt\u011b. Zvukov\u00e1 produkce. Grafick\u00fd design. Leteck\u00e9 z\u00e1b\u011bry. Fotoprodukce. Vlastn\u00ed filmov\u00e1 technika. Zvukov\u00e9 studio.","robots":{"index":"index","follow":"follow","max-snippet":"max-snippet:-1","max-image-preview":"max-image-preview:large","max-video-preview":"max-video-preview:-1"},"canonical":"https:\/\/actmedia.cz\/de\/sluzby\/","og_locale":"de_DE","og_type":"article","og_title":"Slu\u017eby - S na\u0161\u00ed prac\u00ed se setk\u00e1te nap\u0159. v televizi, outdooru, \u010di smartphonech","og_description":"Filmov\u00e1 produkce. Marketing a soci\u00e1ln\u00ed s\u00edt\u011b. Zvukov\u00e1 produkce. Grafick\u00fd design. Leteck\u00e9 z\u00e1b\u011bry. Fotoprodukce. Vlastn\u00ed filmov\u00e1 technika. Zvukov\u00e9 studio.","og_url":"https:\/\/actmedia.cz\/de\/sluzby\/","og_site_name":"ActMedia s.r.o.","twitter_card":"summary_large_image","twitter_misc":{"Gesch\u00e4tzte Lesezeit":"1\u00a0Minute"},"schema":{"@context":"https:\/\/schema.org","@graph":[{"@type":"WebPage","@id":"https:\/\/actmedia.cz\/de\/sluzby\/","url":"https:\/\/actmedia.cz\/de\/sluzby\/","name":"Slu\u017eby - S na\u0161\u00ed prac\u00ed se setk\u00e1te nap\u0159. v televizi, outdooru, \u010di smartphonech","isPartOf":{"@id":"https:\/\/actmedia.cz\/#website"},"datePublished":"2016-10-16T06:17:48+00:00","dateModified":"2016-10-16T06:17:48+00:00","description":"Filmov\u00e1 produkce. Marketing a soci\u00e1ln\u00ed s\u00edt\u011b. Zvukov\u00e1 produkce. Grafick\u00fd design. Leteck\u00e9 z\u00e1b\u011bry. Fotoprodukce. Vlastn\u00ed filmov\u00e1 technika. Zvukov\u00e9 studio.","breadcrumb":{"@id":"https:\/\/actmedia.cz\/de\/sluzby\/#breadcrumb"},"inLanguage":"de","potentialAction":[{"@type":"ReadAction","target":["https:\/\/actmedia.cz\/de\/sluzby\/"]}]},{"@type":"BreadcrumbList","@id":"https:\/\/actmedia.cz\/de\/sluzby\/#breadcrumb","itemListElement":[{"@type":"ListItem","position":1,"name":"Dom\u016f","item":"https:\/\/actmedia.cz\/de\/"},{"@type":"ListItem","position":2,"name":"Slu\u017eby"}]},{"@type":"WebSite","@id":"https:\/\/actmedia.cz\/#website","url":"https:\/\/actmedia.cz\/","name":"ActMedia s.r.o.","description":"Dal\u0161\u00ed nov\u00fd web v r\u00e1mci s\u00edt\u011b M\u016fj web online","potentialAction":[{"@type":"SearchAction","target":{"@type":"EntryPoint","urlTemplate":"https:\/\/actmedia.cz\/?s={search_term_string}"},"query-input":"required name=search_term_string"}],"inLanguage":"de"}]}},"_links":{"self":[{"href":"https:\/\/actmedia.cz\/de\/wp-json\/wp\/v2\/pages\/3893","targetHints":{"allow":["GET"]}}],"collection":[{"href":"https:\/\/actmedia.cz\/de\/wp-json\/wp\/v2\/pages"}],"about":[{"href":"https:\/\/actmedia.cz\/de\/wp-json\/wp\/v2\/types\/page"}],"author":[{"embeddable":true,"href":"https:\/\/actmedia.cz\/de\/wp-json\/wp\/v2\/users\/1"}],"replies":[{"embeddable":true,"href":"https:\/\/actmedia.cz\/de\/wp-json\/wp\/v2\/comments?post=3893"}],"version-history":[{"count":0,"href":"https:\/\/actmedia.cz\/de\/wp-json\/wp\/v2\/pages\/3893\/revisions"}],"wp:attachment":[{"href":"https:\/\/actmedia.cz\/de\/wp-json\/wp\/v2\/media?parent=3893"}],"curies":[{"name":"wp","href":"https:\/\/api.w.org\/{rel}","templated":true}]}}